{"id":2409,"date":"2021-01-19T10:21:16","date_gmt":"2021-01-19T09:21:16","guid":{"rendered":"https:\/\/dev.ferreyarns.com\/politica-de-privacidad\/"},"modified":"2021-07-06T16:31:14","modified_gmt":"2021-07-06T15:31:14","slug":"politica-de-privacidad","status":"publish","type":"page","link":"https:\/\/ferreyarns.com\/es\/politica-de-privacidad\/","title":{"rendered":"Pol\u00edtica de Privacidad"},"content":{"rendered":"<p>[et_pb_section fb_built=\u00bb1&#8243; custom_padding_last_edited=\u00bbon|desktop\u00bb _builder_version=\u00bb4.7.7&#8243; _module_preset=\u00bbdefault\u00bb custom_margin=\u00bb0px||0px||true|false\u00bb custom_padding=\u00bb80px|10%|80px|10%|true|true\u00bb custom_padding_tablet=\u00bb20px|0%|20px|0%|true|true\u00bb custom_padding_phone=\u00bb\u00bb animation_style=\u00bbslide\u00bb animation_direction=\u00bbbottom\u00bb animation_delay=\u00bb700ms\u00bb animation_intensity_slide=\u00bb0%\u00bb][et_pb_row _builder_version=\u00bb4.7.7&#8243; _module_preset=\u00bbdefault\u00bb width=\u00bb100%\u00bb width_tablet=\u00bb80%\u00bb width_phone=\u00bb\u00bb width_last_edited=\u00bbon|desktop\u00bb max_width=\u00bb100%\u00bb custom_margin=\u00bb0px||0px||true|false\u00bb custom_margin_tablet=\u00bb\u00bb custom_margin_phone=\u00bb\u00bb custom_margin_last_edited=\u00bbon|phone\u00bb custom_padding=\u00bb0px||0px||true|false\u00bb][et_pb_column type=\u00bb4_4&#8243; _builder_version=\u00bb4.7.7&#8243; _module_preset=\u00bbdefault\u00bb][et_pb_text _builder_version=\u00bb4.7.7&#8243; text_font=\u00bb||||||||\u00bb text_font_size=\u00bb16px\u00bb text_line_height=\u00bb1.8em\u00bb ul_font=\u00bb||||||||\u00bb ul_line_height=\u00bb2em\u00bb header_font=\u00bb||||||||\u00bb header_font_size=\u00bb28px\u00bb header_2_font_size=\u00bb28px\u00bb header_2_line_height=\u00bb1.4em\u00bb header_3_font=\u00bbRaleway|700|||||||\u00bb header_3_font_size=\u00bb40px\u00bb header_3_line_height=\u00bb1.4em\u00bb header_4_text_color=\u00bb#8f8f8f\u00bb header_4_font_size=\u00bb12px\u00bb positioning=\u00bbrelative\u00bb custom_margin=\u00bb0px||0px||false|false\u00bb custom_margin_tablet=\u00bb0px||||false|false\u00bb custom_margin_phone=\u00bb\u00bb custom_margin_last_edited=\u00bbon|phone\u00bb custom_padding=\u00bb0px||0px||false|false\u00bb custom_padding_tablet=\u00bb||0px||false|false\u00bb custom_padding_phone=\u00bb\u00bb custom_padding_last_edited=\u00bbon|phone\u00bb animation_style=\u00bbslide\u00bb animation_direction=\u00bbbottom\u00bb animation_delay=\u00bb700ms\u00bb animation_intensity_slide=\u00bb0%\u00bb text_font_size_tablet=\u00bb14px\u00bb text_font_size_phone=\u00bb\u00bb text_font_size_last_edited=\u00bbon|desktop\u00bb text_line_height_tablet=\u00bb1.6em\u00bb text_line_height_phone=\u00bb\u00bb text_line_height_last_edited=\u00bbon|desktop\u00bb header_font_size_tablet=\u00bb22px\u00bb header_font_size_phone=\u00bb\u00bb header_font_size_last_edited=\u00bbon|desktop\u00bb header_2_font_size_tablet=\u00bb22px\u00bb header_2_font_size_phone=\u00bb\u00bb header_2_font_size_last_edited=\u00bbon|desktop\u00bb header_2_line_height_tablet=\u00bb\u00bb header_2_line_height_phone=\u00bb\u00bb header_2_line_height_last_edited=\u00bbon|desktop\u00bb header_3_font_size_tablet=\u00bb35px\u00bb header_3_font_size_phone=\u00bb25px\u00bb header_3_font_size_last_edited=\u00bbon|phone\u00bb border_width_bottom=\u00bb1px\u00bb border_color_bottom=\u00bb#06222E\u00bb]<\/p>\n<h4>Ferre \/ Pol\u00edtica de Privacidad<\/h4>\n<h1 style=\"margin-bottom: 10px;\">Pol\u00edtica de Privacidad<\/h1>\n<p>[\/et_pb_text][\/et_pb_column][\/et_pb_row][et_pb_row column_structure=\u00bb1_3,2_3&#8243; use_custom_gutter=\u00bbon\u00bb gutter_width=\u00bb2&#8243; custom_padding_last_edited=\u00bbon|phone\u00bb _builder_version=\u00bb4.7.7&#8243; _module_preset=\u00bbdefault\u00bb width=\u00bb100%\u00bb width_tablet=\u00bb80%\u00bb width_phone=\u00bb\u00bb width_last_edited=\u00bbon|desktop\u00bb max_width=\u00bb100%\u00bb custom_margin=\u00bb40px||0px||false|false\u00bb custom_margin_tablet=\u00bb20px||||false|false\u00bb custom_margin_phone=\u00bb20px||||false|false\u00bb custom_margin_last_edited=\u00bbon|tablet\u00bb custom_padding=\u00bb0px||0px||false|false\u00bb custom_padding_tablet=\u00bb0px||0px||true|false\u00bb custom_padding_phone=\u00bb0px||0px||false|false\u00bb][et_pb_column type=\u00bb1_3&#8243; _builder_version=\u00bb4.7.7&#8243; _module_preset=\u00bbdefault\u00bb][et_pb_text _builder_version=\u00bb4.8.2&#8243; text_font=\u00bb||||||||\u00bb text_font_size=\u00bb16px\u00bb text_line_height=\u00bb1.8em\u00bb link_line_height=\u00bb2em\u00bb ul_font=\u00bb||||||||\u00bb header_font=\u00bb||||||||\u00bb header_2_font_size=\u00bb28px\u00bb header_2_line_height=\u00bb1.4em\u00bb header_3_font=\u00bbRaleway|700|||||||\u00bb header_3_font_size=\u00bb40px\u00bb header_3_line_height=\u00bb1.4em\u00bb positioning=\u00bbrelative\u00bb custom_margin=\u00bb0px||0px||false|false\u00bb custom_margin_tablet=\u00bb0px||||false|false\u00bb custom_margin_phone=\u00bb\u00bb custom_margin_last_edited=\u00bbon|phone\u00bb custom_padding=\u00bb0px||40px||false|false\u00bb custom_padding_tablet=\u00bb||0px||false|false\u00bb custom_padding_phone=\u00bb\u00bb custom_padding_last_edited=\u00bbon|phone\u00bb animation_direction=\u00bbbottom\u00bb hover_enabled=\u00bb0&#8243; text_font_size_tablet=\u00bb14px\u00bb text_font_size_phone=\u00bb\u00bb text_font_size_last_edited=\u00bbon|desktop\u00bb text_line_height_tablet=\u00bb1.6em\u00bb text_line_height_phone=\u00bb\u00bb text_line_height_last_edited=\u00bbon|desktop\u00bb header_2_font_size_tablet=\u00bb22px\u00bb header_2_font_size_phone=\u00bb\u00bb header_2_font_size_last_edited=\u00bbon|desktop\u00bb header_2_line_height_tablet=\u00bb\u00bb header_2_line_height_phone=\u00bb\u00bb header_2_line_height_last_edited=\u00bbon|desktop\u00bb header_3_font_size_tablet=\u00bb35px\u00bb header_3_font_size_phone=\u00bb25px\u00bb header_3_font_size_last_edited=\u00bbon|phone\u00bb sticky_enabled=\u00bb0&#8243;]<span style=\"text-decoration: underline;\"><a href=\"https:\/\/ferreyarns.com\/es\/politica-de-privacidad\/\">Pol\u00edtica de Privacidad<\/a><\/span><\/p>\n<p><a href=\"https:\/\/ferreyarns.com\/es\/politica-de-cookies\/\">Pol\u00edtica de Cookies<\/a><\/p>\n<p><a href=\"https:\/\/ferreyarns.com\/es\/aviso-legal\/\">Aviso Legal<\/a><\/p>\n<p><a href=\"https:\/\/ferreyarns.com\/es\/preguntas-frecuentes\/\">Preguntas Frecuentes<\/a><\/p>\n<p><a href=\"https:\/\/ferreyarns.com\/es\/proyectos\/\">Proyectos<\/a>[\/et_pb_text][\/et_pb_column][et_pb_column type=\u00bb2_3&#8243; _builder_version=\u00bb4.7.7&#8243; _module_preset=\u00bbdefault\u00bb][et_pb_text _builder_version=\u00bb4.7.7&#8243; _module_preset=\u00bbdefault\u00bb text_font_size=\u00bb16px\u00bb text_line_height=\u00bb1.8em\u00bb link_font=\u00bb||||on||||\u00bb text_font_size_tablet=\u00bb14px\u00bb text_font_size_phone=\u00bb\u00bb text_font_size_last_edited=\u00bbon|desktop\u00bb text_line_height_tablet=\u00bb1.6em\u00bb text_line_height_phone=\u00bb\u00bb text_line_height_last_edited=\u00bbon|desktop\u00bb]<\/p>\n<p>La Empresa, est\u00e1 especialmente sensibilizado en la protecci\u00f3n de datos de car\u00e1cter personal de los Usuarios de los servicios del sitio Web. Mediante la presente Pol\u00edtica de Privacidad (en adelante, la Pol\u00edtica) La Empresa informa a los USUARIOS de los sitios web: http:\/\/www.ferreyarns.com, de los usos a los que se someten los datos de car\u00e1cter personal que se recaban en sitio Web, con el fin de que decidan, libre y voluntariamente, si desean facilitar la informaci\u00f3n solicitada.<\/p>\n<p>La Empresa, se reserva la facultad de modificar esta Pol\u00edtica con el objeto de adaptarla a novedades legislativas, criterios jurisprudenciales, pr\u00e1cticas del sector, o intereses de la entidad. Cualquier modificaci\u00f3n en la misma ser\u00e1 anunciada con la debida antelaci\u00f3n, a fin de que tenga perfecto conocimiento de su contenido.<\/p>\n<p><strong><\/strong><\/p>\n<p><strong>RESPONSABLE<\/strong><\/p>\n<p>El responsable del tratamiento de los datos de car\u00e1cter personal es Hilaturas Ferre.<\/p>\n<p>Domicilio: Avda. Les Molines, 2<\/p>\n<p>(03450) BANYERES DE MARIOLA Alicante \u2013 Spain<\/p>\n<p>Tel\u00e9fono: +34 966 567 425<\/p>\n<blockquote class=\"wp-embedded-content\" data-secret=\"hCNeUkhU5I\"><p><a href=\"https:\/\/ferreyarns.com\/es\/\">Ferre<\/a><\/p><\/blockquote>\n<p><iframe class=\"wp-embedded-content lazyload\" sandbox=\"allow-scripts\" security=\"restricted\" style=\"position: absolute; clip: rect(1px, 1px, 1px, 1px);\" title=\"\u00abFerre\u00bb \u2014 Ferre\" data-src=\"https:\/\/ferreyarns.com\/es\/embed\/#?secret=hCNeUkhU5I\" data-secret=\"hCNeUkhU5I\" width=\"600\" height=\"338\" frameborder=\"0\" marginwidth=\"0\" marginheight=\"0\" scrolling=\"no\" src=\"data:image\/svg+xml;base64,PHN2ZyB3aWR0aD0iMSIgaGVpZ2h0PSIxIiB4bWxucz0iaHR0cDovL3d3dy53My5vcmcvMjAwMC9zdmciPjwvc3ZnPg==\" data-load-mode=\"1\"><\/iframe><\/p>\n<p>E-mail: <a href=\"mailto:info@ferreyarns.com\">info@ferreyarns.com<\/a><\/p>\n<p><strong><\/strong><\/p>\n<p><strong>FINALIDAD DEL TRATAMIENTO<\/strong><\/p>\n<p>Los datos de car\u00e1cter personal de los colegiados son objeto de tratamiento por parte Hilaturas Ferre. La finalidad de la recogida de estos datos consiste en:<\/p>\n<ol>\n<li>Gesti\u00f3n de Clientes y Proveedores de Hilaturas Ferre<\/li>\n<li>Prestaci\u00f3n de servicios solicitados.<\/li>\n<\/ol>\n<p><strong><\/strong><\/p>\n<p><strong>PLAZO DE CONSERVACI\u00d3N<\/strong><\/p>\n<p>Los datos personales proporcionados se conservar\u00e1n durante el plazo correspondiente para cumplir con las obligaciones legales, o se solicite su supresi\u00f3n por el interesado y este est\u00e9 legitimado para ello.<\/p>\n<p><strong><\/strong><\/p>\n<p><strong>LEGITIMACI\u00d3N<\/strong><\/p>\n<p>La Empresa, est\u00e1 legitimada al tratamiento de datos personales, en base al consentimiento otorgado por el interesado para uno o varios fines espec\u00edficos, tal y como recoge el art\u00edculo 6.1. a) del Reglamento General de Protecci\u00f3n de datos personales.<\/p>\n<p>El presente sitio web incluye hiperv\u00ednculos (links) que permiten al visitante trasladarse a otras p\u00e1ginas. La Empresa no asume responsabilidad alguna en cuanto a la pol\u00edtica de protecci\u00f3n de datos que pudiera haberse adoptado en los mismos.<\/p>\n<p><strong><\/strong><\/p>\n<p><strong>DESTINATARIOS<\/strong><\/p>\n<p>La Empresa no cede a terceras entidades sus datos en general, salvo en los casos en que \u00e9sta sea necesaria para la organizaci\u00f3n de determinadas actividades, o la prestaci\u00f3n de servicios. En todo caso, las cesiones previstas son regularizadas mediante la suscripci\u00f3n de contratos, no pudiendo la entidad cesionaria emplear la informaci\u00f3n cedida para otros fines que los establecidos por La Empresa.<\/p>\n<p><strong><\/strong><\/p>\n<p><strong>DERECHOS DE LOS USUARIOS<\/strong><\/p>\n<p>El interesado de los datos personales, en todo caso podr\u00e1 ejercitar los derechos que le asisten, de acuerdo con el RGPD, y que son:<\/p>\n<ul>\n<li>Derecho a solicitar el acceso a los datos personales relativos al interesado,<\/li>\n<li>Derecho a solicitar su rectificaci\u00f3n o supresi\u00f3n (derecho al olvido)<\/li>\n<li>Derecho a solicitar la limitaci\u00f3n de su tratamiento,<\/li>\n<li>Derecho a oponerse al tratamiento,<\/li>\n<li>Derecho a la portabilidad de los datos<\/li>\n<\/ul>\n<p>El interesado podr\u00e1 ejercitar tales derechos mediante solicitud acompa\u00f1ada de una fotocopia de su D.N.I, y en la que especificar\u00e1 cu\u00e1l de \u00e9stos solicita sea satisfecho, remitida a la direcci\u00f3n: Avda. Les Molines, 2 (03450) BANYERES DE MARIOLA Alicante \u2013 Spain<\/p>\n<p><strong><\/strong><\/p>\n<p><strong>MEDIDAS DE SEGURIDAD<\/strong><\/p>\n<p>El responsable del tratamiento Hilaturas Ferre aplicar\u00e1 medidas t\u00e9cnicas y organizativas apropiadas para garantizar un nivel de seguridad adecuado al riesgo del mismo.<\/p>\n<p><strong><\/strong><\/p>\n<p><strong>USO DE COOKIES<\/strong><\/p>\n<p>Le informamos que nuestro servidor no utiliza cookies ni otros procedimientos invisibles de recogida de informaci\u00f3n, no almacenando ning\u00fan tipo de archivo en su equipo inform\u00e1tico.<\/p>\n<p><strong><\/strong><\/p>\n<p><strong>CAMBIO DE NORMATIVA<\/strong><\/p>\n<p>La Empresa se reserva el derecho de modificar la presente pol\u00edtica con el objeto de adaptarla a las novedades legislativas o jurisprudenciales, as\u00ed como las que pudieran derivarse de c\u00f3digos tipo existentes en la materia o por motivos corporativos.<\/p>\n<p>Tales cambios ser\u00e1n comunicados con la antelaci\u00f3n que fuera necesaria en nuestra p\u00e1gina Web, sin perjuicio de reclamar el consentimiento necesario de los afectados cuando \u00e9ste no se considerase otorgado con arreglo a los t\u00e9rminos de la presente pol\u00edtica.<\/p>\n<p>Cualquier duda, preguntas o comentarios que pudiera albergar con referencia a la presente normativa, puede consultarla dirigiendo su comunicaci\u00f3n al respecto a hifesa@hifesa.com<\/p>\n<p>&nbsp;<\/p>\n<p>[\/et_pb_text][\/et_pb_column][\/et_pb_row][\/et_pb_section]<\/p>\n","protected":false},"excerpt":{"rendered":"<p>Ferre \/ Pol\u00edtica de Privacidad Pol\u00edtica de PrivacidadPol\u00edtica de Privacidad Pol\u00edtica de Cookies Aviso Legal Preguntas Frecuentes ProyectosLa Empresa, est\u00e1 especialmente sensibilizado en la protecci\u00f3n de datos de car\u00e1cter personal de los Usuarios de los servicios del sitio Web. Mediante la presente Pol\u00edtica de Privacidad (en adelante, la Pol\u00edtica) La Empresa informa a los USUARIOS [&hellip;]<\/p>\n","protected":false},"author":1,"featured_media":0,"parent":0,"menu_order":0,"comment_status":"closed","ping_status":"closed","template":"","meta":{"_et_pb_use_builder":"on","_et_pb_old_content":"","_et_gb_content_width":"","inline_featured_image":false,"footnotes":""},"class_list":["post-2409","page","type-page","status-publish","hentry"],"yoast_head":"<!-- This site is optimized with the Yoast SEO plugin v27.3 - https:\/\/yoast.com\/product\/yoast-seo-wordpress\/ -->\n<title>Pol\u00edtica de Privacidad | Ferre<\/title>\n<meta name=\"description\" content=\"En nuestra pol\u00edtica de privacidad queremos informarte de nuestro uso responsable, leal y l\u00edcito de los datos que nos facilitas.\" \/>\n<meta name=\"robots\" content=\"index, follow, max-snippet:-1, max-image-preview:large, max-video-preview:-1\" \/>\n<link rel=\"canonical\" href=\"https:\/\/ferreyarns.com\/es\/politica-de-privacidad\/\" \/>\n<meta property=\"og:locale\" content=\"es_ES\" \/>\n<meta property=\"og:type\" content=\"article\" \/>\n<meta property=\"og:title\" content=\"Pol\u00edtica de Privacidad | Ferre\" \/>\n<meta property=\"og:description\" content=\"En nuestra pol\u00edtica de privacidad queremos informarte de nuestro uso responsable, leal y l\u00edcito de los datos que nos facilitas.\" \/>\n<meta property=\"og:url\" content=\"https:\/\/ferreyarns.com\/es\/politica-de-privacidad\/\" \/>\n<meta property=\"og:site_name\" content=\"Ferre\" \/>\n<meta property=\"article:modified_time\" content=\"2021-07-06T15:31:14+00:00\" \/>\n<meta name=\"twitter:card\" content=\"summary_large_image\" \/>\n<meta name=\"twitter:label1\" content=\"Tiempo de lectura\" \/>\n\t<meta name=\"twitter:data1\" content=\"7 minutos\" \/>\n<script type=\"application\/ld+json\" class=\"yoast-schema-graph\">{\"@context\":\"https:\\\/\\\/schema.org\",\"@graph\":[{\"@type\":\"WebPage\",\"@id\":\"https:\\\/\\\/ferreyarns.com\\\/es\\\/politica-de-privacidad\\\/\",\"url\":\"https:\\\/\\\/ferreyarns.com\\\/es\\\/politica-de-privacidad\\\/\",\"name\":\"Pol\u00edtica de Privacidad | Ferre\",\"isPartOf\":{\"@id\":\"https:\\\/\\\/ferreyarns.com\\\/es\\\/#website\"},\"datePublished\":\"2021-01-19T09:21:16+00:00\",\"dateModified\":\"2021-07-06T15:31:14+00:00\",\"description\":\"En nuestra pol\u00edtica de privacidad queremos informarte de nuestro uso responsable, leal y l\u00edcito de los datos que nos facilitas.\",\"breadcrumb\":{\"@id\":\"https:\\\/\\\/ferreyarns.com\\\/es\\\/politica-de-privacidad\\\/#breadcrumb\"},\"inLanguage\":\"es\",\"potentialAction\":[{\"@type\":\"ReadAction\",\"target\":[\"https:\\\/\\\/ferreyarns.com\\\/es\\\/politica-de-privacidad\\\/\"]}]},{\"@type\":\"BreadcrumbList\",\"@id\":\"https:\\\/\\\/ferreyarns.com\\\/es\\\/politica-de-privacidad\\\/#breadcrumb\",\"itemListElement\":[{\"@type\":\"ListItem\",\"position\":1,\"name\":\"Portada\",\"item\":\"https:\\\/\\\/ferreyarns.com\\\/es\\\/\"},{\"@type\":\"ListItem\",\"position\":2,\"name\":\"Pol\u00edtica de Privacidad\"}]},{\"@type\":\"WebSite\",\"@id\":\"https:\\\/\\\/ferreyarns.com\\\/es\\\/#website\",\"url\":\"https:\\\/\\\/ferreyarns.com\\\/es\\\/\",\"name\":\"Ferre\",\"description\":\"Empowering circular fashion since 1947\",\"potentialAction\":[{\"@type\":\"SearchAction\",\"target\":{\"@type\":\"EntryPoint\",\"urlTemplate\":\"https:\\\/\\\/ferreyarns.com\\\/es\\\/?s={search_term_string}\"},\"query-input\":{\"@type\":\"PropertyValueSpecification\",\"valueRequired\":true,\"valueName\":\"search_term_string\"}}],\"inLanguage\":\"es\"}]}<\/script>\n<!-- \/ Yoast SEO plugin. -->","yoast_head_json":{"title":"Pol\u00edtica de Privacidad | Ferre","description":"En nuestra pol\u00edtica de privacidad queremos informarte de nuestro uso responsable, leal y l\u00edcito de los datos que nos facilitas.","robots":{"index":"index","follow":"follow","max-snippet":"max-snippet:-1","max-image-preview":"max-image-preview:large","max-video-preview":"max-video-preview:-1"},"canonical":"https:\/\/ferreyarns.com\/es\/politica-de-privacidad\/","og_locale":"es_ES","og_type":"article","og_title":"Pol\u00edtica de Privacidad | Ferre","og_description":"En nuestra pol\u00edtica de privacidad queremos informarte de nuestro uso responsable, leal y l\u00edcito de los datos que nos facilitas.","og_url":"https:\/\/ferreyarns.com\/es\/politica-de-privacidad\/","og_site_name":"Ferre","article_modified_time":"2021-07-06T15:31:14+00:00","twitter_card":"summary_large_image","twitter_misc":{"Tiempo de lectura":"7 minutos"},"schema":{"@context":"https:\/\/schema.org","@graph":[{"@type":"WebPage","@id":"https:\/\/ferreyarns.com\/es\/politica-de-privacidad\/","url":"https:\/\/ferreyarns.com\/es\/politica-de-privacidad\/","name":"Pol\u00edtica de Privacidad | Ferre","isPartOf":{"@id":"https:\/\/ferreyarns.com\/es\/#website"},"datePublished":"2021-01-19T09:21:16+00:00","dateModified":"2021-07-06T15:31:14+00:00","description":"En nuestra pol\u00edtica de privacidad queremos informarte de nuestro uso responsable, leal y l\u00edcito de los datos que nos facilitas.","breadcrumb":{"@id":"https:\/\/ferreyarns.com\/es\/politica-de-privacidad\/#breadcrumb"},"inLanguage":"es","potentialAction":[{"@type":"ReadAction","target":["https:\/\/ferreyarns.com\/es\/politica-de-privacidad\/"]}]},{"@type":"BreadcrumbList","@id":"https:\/\/ferreyarns.com\/es\/politica-de-privacidad\/#breadcrumb","itemListElement":[{"@type":"ListItem","position":1,"name":"Portada","item":"https:\/\/ferreyarns.com\/es\/"},{"@type":"ListItem","position":2,"name":"Pol\u00edtica de Privacidad"}]},{"@type":"WebSite","@id":"https:\/\/ferreyarns.com\/es\/#website","url":"https:\/\/ferreyarns.com\/es\/","name":"Ferre","description":"Empowering circular fashion since 1947","potentialAction":[{"@type":"SearchAction","target":{"@type":"EntryPoint","urlTemplate":"https:\/\/ferreyarns.com\/es\/?s={search_term_string}"},"query-input":{"@type":"PropertyValueSpecification","valueRequired":true,"valueName":"search_term_string"}}],"inLanguage":"es"}]}},"_links":{"self":[{"href":"https:\/\/ferreyarns.com\/es\/wp-json\/wp\/v2\/pages\/2409","targetHints":{"allow":["GET"]}}],"collection":[{"href":"https:\/\/ferreyarns.com\/es\/wp-json\/wp\/v2\/pages"}],"about":[{"href":"https:\/\/ferreyarns.com\/es\/wp-json\/wp\/v2\/types\/page"}],"author":[{"embeddable":true,"href":"https:\/\/ferreyarns.com\/es\/wp-json\/wp\/v2\/users\/1"}],"replies":[{"embeddable":true,"href":"https:\/\/ferreyarns.com\/es\/wp-json\/wp\/v2\/comments?post=2409"}],"version-history":[{"count":3,"href":"https:\/\/ferreyarns.com\/es\/wp-json\/wp\/v2\/pages\/2409\/revisions"}],"predecessor-version":[{"id":3959,"href":"https:\/\/ferreyarns.com\/es\/wp-json\/wp\/v2\/pages\/2409\/revisions\/3959"}],"wp:attachment":[{"href":"https:\/\/ferreyarns.com\/es\/wp-json\/wp\/v2\/media?parent=2409"}],"curies":[{"name":"wp","href":"https:\/\/api.w.org\/{rel}","templated":true}]}}