{"id":5037,"date":"2023-11-30T16:31:40","date_gmt":"2023-11-30T15:31:40","guid":{"rendered":"https:\/\/ferreyarns.com\/?page_id=5037"},"modified":"2023-12-19T10:01:01","modified_gmt":"2023-12-19T09:01:01","slug":"canal-comunicacion","status":"publish","type":"page","link":"https:\/\/ferreyarns.com\/es\/canal-comunicacion\/","title":{"rendered":"Canal de comunicaci\u00f3n"},"content":{"rendered":"<p>[et_pb_section fb_built=\u00bb1&#8243; custom_padding_last_edited=\u00bbon|desktop\u00bb _builder_version=\u00bb4.16&#8243; _module_preset=\u00bbdefault\u00bb custom_margin=\u00bb0px||0px||true|false\u00bb custom_padding=\u00bb80px|10%|80px|10%|true|true\u00bb custom_padding_tablet=\u00bb20px|0%|20px|0%|true|true\u00bb custom_padding_phone=\u00bb\u00bb animation_style=\u00bbslide\u00bb animation_direction=\u00bbbottom\u00bb animation_delay=\u00bb700ms\u00bb animation_intensity_slide=\u00bb0%\u00bb global_colors_info=\u00bb{}\u00bb][et_pb_row _builder_version=\u00bb4.16&#8243; _module_preset=\u00bbdefault\u00bb width=\u00bb100%\u00bb width_tablet=\u00bb80%\u00bb width_phone=\u00bb\u00bb width_last_edited=\u00bbon|desktop\u00bb max_width=\u00bb100%\u00bb custom_margin=\u00bb0px||0px||true|false\u00bb custom_margin_tablet=\u00bb\u00bb custom_margin_phone=\u00bb\u00bb custom_margin_last_edited=\u00bbon|phone\u00bb custom_padding=\u00bb0px||0px||true|false\u00bb global_colors_info=\u00bb{}\u00bb][et_pb_column type=\u00bb4_4&#8243; _builder_version=\u00bb4.16&#8243; _module_preset=\u00bbdefault\u00bb global_colors_info=\u00bb{}\u00bb][et_pb_text _builder_version=\u00bb4.18.0&#8243; text_font=\u00bb||||||||\u00bb text_font_size=\u00bb16px\u00bb text_line_height=\u00bb1.8em\u00bb ul_font=\u00bb||||||||\u00bb ul_line_height=\u00bb2em\u00bb header_font=\u00bb||||||||\u00bb header_font_size=\u00bb28px\u00bb header_2_font_size=\u00bb28px\u00bb header_2_line_height=\u00bb1.4em\u00bb header_3_font=\u00bbRaleway|700|||||||\u00bb header_3_font_size=\u00bb40px\u00bb header_3_line_height=\u00bb1.4em\u00bb header_4_text_color=\u00bb#8f8f8f\u00bb header_4_font_size=\u00bb12px\u00bb positioning=\u00bbrelative\u00bb custom_margin=\u00bb0px||0px||false|false\u00bb custom_margin_tablet=\u00bb0px||||false|false\u00bb custom_margin_phone=\u00bb\u00bb custom_margin_last_edited=\u00bbon|phone\u00bb custom_padding=\u00bb0px||0px||false|false\u00bb custom_padding_tablet=\u00bb||0px||false|false\u00bb custom_padding_phone=\u00bb\u00bb custom_padding_last_edited=\u00bbon|phone\u00bb animation_style=\u00bbslide\u00bb animation_direction=\u00bbbottom\u00bb animation_delay=\u00bb700ms\u00bb animation_intensity_slide=\u00bb0%\u00bb text_font_size_tablet=\u00bb14px\u00bb text_font_size_phone=\u00bb\u00bb text_font_size_last_edited=\u00bbon|desktop\u00bb text_line_height_tablet=\u00bb1.6em\u00bb text_line_height_phone=\u00bb\u00bb text_line_height_last_edited=\u00bbon|desktop\u00bb header_font_size_tablet=\u00bb22px\u00bb header_font_size_phone=\u00bb\u00bb header_font_size_last_edited=\u00bbon|desktop\u00bb header_2_font_size_tablet=\u00bb22px\u00bb header_2_font_size_phone=\u00bb\u00bb header_2_font_size_last_edited=\u00bbon|desktop\u00bb header_2_line_height_tablet=\u00bb\u00bb header_2_line_height_phone=\u00bb\u00bb header_2_line_height_last_edited=\u00bbon|desktop\u00bb header_3_font_size_tablet=\u00bb35px\u00bb header_3_font_size_phone=\u00bb25px\u00bb header_3_font_size_last_edited=\u00bbon|phone\u00bb border_width_bottom=\u00bb1px\u00bb border_color_bottom=\u00bb#06222E\u00bb global_colors_info=\u00bb{}\u00bb]<\/p>\n<h4>Ferre \/ Canal de comunicaci\u00f3n<\/h4>\n<h1 style=\"margin-bottom: 10px;\">Canal de comunicaci\u00f3n<\/h1>\n<p>[\/et_pb_text][\/et_pb_column][\/et_pb_row][et_pb_row column_structure=\u00bb1_3,2_3&#8243; use_custom_gutter=\u00bbon\u00bb gutter_width=\u00bb2&#8243; custom_padding_last_edited=\u00bbon|phone\u00bb _builder_version=\u00bb4.16&#8243; _module_preset=\u00bbdefault\u00bb width=\u00bb100%\u00bb width_tablet=\u00bb80%\u00bb width_phone=\u00bb\u00bb width_last_edited=\u00bbon|desktop\u00bb max_width=\u00bb100%\u00bb custom_margin=\u00bb40px||0px||false|false\u00bb custom_margin_tablet=\u00bb20px||||false|false\u00bb custom_margin_phone=\u00bb20px||||false|false\u00bb custom_margin_last_edited=\u00bbon|tablet\u00bb custom_padding=\u00bb0px||0px||false|false\u00bb custom_padding_tablet=\u00bb0px||0px||true|false\u00bb custom_padding_phone=\u00bb0px||0px||false|false\u00bb global_colors_info=\u00bb{}\u00bb][et_pb_column type=\u00bb1_3&#8243; _builder_version=\u00bb4.16&#8243; _module_preset=\u00bbdefault\u00bb global_colors_info=\u00bb{}\u00bb][et_pb_text _builder_version=\u00bb4.18.0&#8243; text_font=\u00bb||||||||\u00bb text_font_size=\u00bb16px\u00bb text_line_height=\u00bb1.8em\u00bb link_line_height=\u00bb2em\u00bb ul_font=\u00bb||||||||\u00bb header_font=\u00bb||||||||\u00bb header_2_font_size=\u00bb28px\u00bb header_2_line_height=\u00bb1.4em\u00bb header_3_font=\u00bbRaleway|700|||||||\u00bb header_3_font_size=\u00bb40px\u00bb header_3_line_height=\u00bb1.4em\u00bb positioning=\u00bbrelative\u00bb custom_margin=\u00bb0px||0px||false|false\u00bb custom_margin_tablet=\u00bb0px||||false|false\u00bb custom_margin_phone=\u00bb\u00bb custom_margin_last_edited=\u00bbon|phone\u00bb custom_padding=\u00bb0px||40px||false|false\u00bb custom_padding_tablet=\u00bb||0px||false|false\u00bb custom_padding_phone=\u00bb\u00bb custom_padding_last_edited=\u00bbon|phone\u00bb animation_direction=\u00bbbottom\u00bb text_font_size_tablet=\u00bb14px\u00bb text_font_size_phone=\u00bb\u00bb text_font_size_last_edited=\u00bbon|desktop\u00bb text_line_height_tablet=\u00bb1.6em\u00bb text_line_height_phone=\u00bb\u00bb text_line_height_last_edited=\u00bbon|desktop\u00bb header_2_font_size_tablet=\u00bb22px\u00bb header_2_font_size_phone=\u00bb\u00bb header_2_font_size_last_edited=\u00bbon|desktop\u00bb header_2_line_height_tablet=\u00bb\u00bb header_2_line_height_phone=\u00bb\u00bb header_2_line_height_last_edited=\u00bbon|desktop\u00bb header_3_font_size_tablet=\u00bb35px\u00bb header_3_font_size_phone=\u00bb25px\u00bb header_3_font_size_last_edited=\u00bbon|phone\u00bb global_colors_info=\u00bb{}\u00bb]<\/p>\n<p><a href=\"https:\/\/ferreyarns.com\/es\/politica-de-privacidad\/\">Pol\u00edtica de Privacidad<\/a><\/p>\n<p><a href=\"https:\/\/ferreyarns.com\/es\/politica-de-cookies\/\">Pol\u00edtica de Cookies<\/a><\/p>\n<p><a href=\"https:\/\/ferreyarns.com\/es\/aviso-legal\/\">Aviso Legal<\/a><\/p>\n<p><a href=\"https:\/\/ferreyarns.com\/es\/preguntas-frecuentes\/\">Preguntas Frecuentes<\/a><\/p>\n<p><span><a href=\"https:\/\/ferreyarns.com\/es\/proyectos\/\">Proyectos<\/a><\/span><\/p>\n<p><span style=\"text-decoration: underline;\"><a href=\"https:\/\/ferreyarns.com\/es\/canal-comunicacion\/\">Canal de comunicaci\u00f3n<\/a><\/span><\/p>\n<p>[\/et_pb_text][\/et_pb_column][et_pb_column type=\u00bb2_3&#8243; _builder_version=\u00bb4.16&#8243; _module_preset=\u00bbdefault\u00bb global_colors_info=\u00bb{}\u00bb][et_pb_text admin_label=\u00bbTexto\u00bb _builder_version=\u00bb4.18.0&#8243; _module_preset=\u00bbdefault\u00bb text_font_size=\u00bb16px\u00bb text_line_height=\u00bb1.8em\u00bb link_font=\u00bb||||on||||\u00bb text_font_size_tablet=\u00bb14px\u00bb text_font_size_phone=\u00bb\u00bb text_font_size_last_edited=\u00bbon|desktop\u00bb text_line_height_tablet=\u00bb1.6em\u00bb text_line_height_phone=\u00bb\u00bb text_line_height_last_edited=\u00bbon|desktop\u00bb global_colors_info=\u00bb{}\u00bb]<\/p>\n<h2>Canal de comunicaci\u00f3n<\/h2>\n<p>Para poder plantear una denuncia, de forma an\u00f3nima o confidencial, deber\u00e1 copiar el siguiente c\u00f3digo <strong>H12537<\/strong> y pulsar sobre el siguiente enlace:<\/p>\n<p><a class=\"button-text\" style=\"text-decoration: none;\" href=\"https:\/\/denuncias.bufetemoyajover.com\" target=\"_blank\" rel=\"noopener\">DENUNCIAR<\/a>[\/et_pb_text][et_pb_text admin_label=\u00bbTexto\u00bb _builder_version=\u00bb4.18.0&#8243; _module_preset=\u00bbdefault\u00bb text_font_size=\u00bb16px\u00bb text_line_height=\u00bb1.8em\u00bb link_font=\u00bb||||on||||\u00bb hover_enabled=\u00bb0&#8243; text_font_size_tablet=\u00bb14px\u00bb text_font_size_phone=\u00bb\u00bb text_font_size_last_edited=\u00bbon|desktop\u00bb text_line_height_tablet=\u00bb1.6em\u00bb text_line_height_phone=\u00bb\u00bb text_line_height_last_edited=\u00bbon|desktop\u00bb global_colors_info=\u00bb{}\u00bb sticky_enabled=\u00bb0&#8243;]&nbsp;<\/p>\n<table style=\"width: 100%; border-collapse: collapse; border-style: none; border-color: #ffffff;\" border=\"0\">\n<tbody>\n<tr>\n<td style=\"width: 50%; text-align: center; border-top:0px;\">Gu\u00eda del usuario denunciante<\/p>\n<p><a class=\"button-text\" style=\"text-decoration: none;\" href=\"https:\/\/ferreyarns.com\/wp-content\/uploads\/guia_de_usuario_denunciante_ferre.pdf\" target=\"_blank\" rel=\"noopener\">DESCARGAR<\/a><\/td>\n<td style=\"width: 50%; text-align: center; border-top:0px;\">Protocolo<\/p>\n<p><a class=\"button-text\" style=\"text-decoration: none;\" href=\"https:\/\/ferreyarns.com\/wp-content\/uploads\/protocolo_canal_de_comunicacion_interna.pdf\" target=\"_blank\" rel=\"noopener\">DESCARGAR<\/a><\/td>\n<\/tr>\n<\/tbody>\n<\/table>\n<p>[\/et_pb_text][\/et_pb_column][\/et_pb_row][\/et_pb_section]<\/p>\n","protected":false},"excerpt":{"rendered":"<p>Ferre \/ Canal de comunicaci\u00f3n Canal de comunicaci\u00f3nPol\u00edtica de Privacidad Pol\u00edtica de Cookies Aviso Legal Preguntas Frecuentes Proyectos Canal de comunicaci\u00f3nCanal de comunicaci\u00f3n Para poder plantear una denuncia, de forma an\u00f3nima o confidencial, deber\u00e1 copiar el siguiente c\u00f3digo H12537 y pulsar sobre el siguiente enlace: DENUNCIAR&nbsp; Gu\u00eda del usuario denunciante DESCARGAR Protocolo DESCARGAR<\/p>\n","protected":false},"author":1,"featured_media":0,"parent":0,"menu_order":0,"comment_status":"closed","ping_status":"closed","template":"","meta":{"_et_pb_use_builder":"on","_et_pb_old_content":"","_et_gb_content_width":"","inline_featured_image":false,"footnotes":""},"class_list":["post-5037","page","type-page","status-publish","hentry"],"yoast_head":"<!-- This site is optimized with the Yoast SEO plugin v27.3 - https:\/\/yoast.com\/product\/yoast-seo-wordpress\/ -->\n<title>Canal de comunicaci\u00f3n | Ferre Yarns<\/title>\n<meta name=\"description\" content=\"Canal de comunicaci\u00f3n.\" \/>\n<meta name=\"robots\" content=\"index, follow, max-snippet:-1, max-image-preview:large, max-video-preview:-1\" \/>\n<link rel=\"canonical\" href=\"https:\/\/ferreyarns.com\/es\/canal-comunicacion\/\" \/>\n<meta property=\"og:locale\" content=\"es_ES\" \/>\n<meta property=\"og:type\" content=\"article\" \/>\n<meta property=\"og:title\" content=\"Canal de comunicaci\u00f3n | Ferre Yarns\" \/>\n<meta property=\"og:description\" content=\"Canal de comunicaci\u00f3n.\" \/>\n<meta property=\"og:url\" content=\"https:\/\/ferreyarns.com\/es\/canal-comunicacion\/\" \/>\n<meta property=\"og:site_name\" content=\"Ferre\" \/>\n<meta property=\"article:modified_time\" content=\"2023-12-19T09:01:01+00:00\" \/>\n<meta name=\"twitter:card\" content=\"summary_large_image\" \/>\n<meta name=\"twitter:label1\" content=\"Tiempo de lectura\" \/>\n\t<meta name=\"twitter:data1\" content=\"7 minutos\" \/>\n<script type=\"application\/ld+json\" class=\"yoast-schema-graph\">{\"@context\":\"https:\\\/\\\/schema.org\",\"@graph\":[{\"@type\":\"WebPage\",\"@id\":\"https:\\\/\\\/ferreyarns.com\\\/es\\\/canal-comunicacion\\\/\",\"url\":\"https:\\\/\\\/ferreyarns.com\\\/es\\\/canal-comunicacion\\\/\",\"name\":\"Canal de comunicaci\u00f3n | Ferre Yarns\",\"isPartOf\":{\"@id\":\"https:\\\/\\\/ferreyarns.com\\\/es\\\/#website\"},\"datePublished\":\"2023-11-30T15:31:40+00:00\",\"dateModified\":\"2023-12-19T09:01:01+00:00\",\"description\":\"Canal de comunicaci\u00f3n.\",\"breadcrumb\":{\"@id\":\"https:\\\/\\\/ferreyarns.com\\\/es\\\/canal-comunicacion\\\/#breadcrumb\"},\"inLanguage\":\"es\",\"potentialAction\":[{\"@type\":\"ReadAction\",\"target\":[\"https:\\\/\\\/ferreyarns.com\\\/es\\\/canal-comunicacion\\\/\"]}]},{\"@type\":\"BreadcrumbList\",\"@id\":\"https:\\\/\\\/ferreyarns.com\\\/es\\\/canal-comunicacion\\\/#breadcrumb\",\"itemListElement\":[{\"@type\":\"ListItem\",\"position\":1,\"name\":\"Portada\",\"item\":\"https:\\\/\\\/ferreyarns.com\\\/es\\\/\"},{\"@type\":\"ListItem\",\"position\":2,\"name\":\"Canal de comunicaci\u00f3n\"}]},{\"@type\":\"WebSite\",\"@id\":\"https:\\\/\\\/ferreyarns.com\\\/es\\\/#website\",\"url\":\"https:\\\/\\\/ferreyarns.com\\\/es\\\/\",\"name\":\"Ferre\",\"description\":\"Empowering circular fashion since 1947\",\"potentialAction\":[{\"@type\":\"SearchAction\",\"target\":{\"@type\":\"EntryPoint\",\"urlTemplate\":\"https:\\\/\\\/ferreyarns.com\\\/es\\\/?s={search_term_string}\"},\"query-input\":{\"@type\":\"PropertyValueSpecification\",\"valueRequired\":true,\"valueName\":\"search_term_string\"}}],\"inLanguage\":\"es\"}]}<\/script>\n<!-- \/ Yoast SEO plugin. -->","yoast_head_json":{"title":"Canal de comunicaci\u00f3n | Ferre Yarns","description":"Canal de comunicaci\u00f3n.","robots":{"index":"index","follow":"follow","max-snippet":"max-snippet:-1","max-image-preview":"max-image-preview:large","max-video-preview":"max-video-preview:-1"},"canonical":"https:\/\/ferreyarns.com\/es\/canal-comunicacion\/","og_locale":"es_ES","og_type":"article","og_title":"Canal de comunicaci\u00f3n | Ferre Yarns","og_description":"Canal de comunicaci\u00f3n.","og_url":"https:\/\/ferreyarns.com\/es\/canal-comunicacion\/","og_site_name":"Ferre","article_modified_time":"2023-12-19T09:01:01+00:00","twitter_card":"summary_large_image","twitter_misc":{"Tiempo de lectura":"7 minutos"},"schema":{"@context":"https:\/\/schema.org","@graph":[{"@type":"WebPage","@id":"https:\/\/ferreyarns.com\/es\/canal-comunicacion\/","url":"https:\/\/ferreyarns.com\/es\/canal-comunicacion\/","name":"Canal de comunicaci\u00f3n | Ferre Yarns","isPartOf":{"@id":"https:\/\/ferreyarns.com\/es\/#website"},"datePublished":"2023-11-30T15:31:40+00:00","dateModified":"2023-12-19T09:01:01+00:00","description":"Canal de comunicaci\u00f3n.","breadcrumb":{"@id":"https:\/\/ferreyarns.com\/es\/canal-comunicacion\/#breadcrumb"},"inLanguage":"es","potentialAction":[{"@type":"ReadAction","target":["https:\/\/ferreyarns.com\/es\/canal-comunicacion\/"]}]},{"@type":"BreadcrumbList","@id":"https:\/\/ferreyarns.com\/es\/canal-comunicacion\/#breadcrumb","itemListElement":[{"@type":"ListItem","position":1,"name":"Portada","item":"https:\/\/ferreyarns.com\/es\/"},{"@type":"ListItem","position":2,"name":"Canal de comunicaci\u00f3n"}]},{"@type":"WebSite","@id":"https:\/\/ferreyarns.com\/es\/#website","url":"https:\/\/ferreyarns.com\/es\/","name":"Ferre","description":"Empowering circular fashion since 1947","potentialAction":[{"@type":"SearchAction","target":{"@type":"EntryPoint","urlTemplate":"https:\/\/ferreyarns.com\/es\/?s={search_term_string}"},"query-input":{"@type":"PropertyValueSpecification","valueRequired":true,"valueName":"search_term_string"}}],"inLanguage":"es"}]}},"_links":{"self":[{"href":"https:\/\/ferreyarns.com\/es\/wp-json\/wp\/v2\/pages\/5037","targetHints":{"allow":["GET"]}}],"collection":[{"href":"https:\/\/ferreyarns.com\/es\/wp-json\/wp\/v2\/pages"}],"about":[{"href":"https:\/\/ferreyarns.com\/es\/wp-json\/wp\/v2\/types\/page"}],"author":[{"embeddable":true,"href":"https:\/\/ferreyarns.com\/es\/wp-json\/wp\/v2\/users\/1"}],"replies":[{"embeddable":true,"href":"https:\/\/ferreyarns.com\/es\/wp-json\/wp\/v2\/comments?post=5037"}],"version-history":[{"count":23,"href":"https:\/\/ferreyarns.com\/es\/wp-json\/wp\/v2\/pages\/5037\/revisions"}],"predecessor-version":[{"id":5115,"href":"https:\/\/ferreyarns.com\/es\/wp-json\/wp\/v2\/pages\/5037\/revisions\/5115"}],"wp:attachment":[{"href":"https:\/\/ferreyarns.com\/es\/wp-json\/wp\/v2\/media?parent=5037"}],"curies":[{"name":"wp","href":"https:\/\/api.w.org\/{rel}","templated":true}]}}